{"id":20,"date":"2016-08-22T05:24:31","date_gmt":"2016-08-22T01:24:31","guid":{"rendered":"http:\/\/oshine.wpengine.com\/v27\/?page_id=20"},"modified":"2019-12-01T17:26:30","modified_gmt":"2019-12-01T13:26:30","slug":"contact","status":"publish","type":"page","link":"https:\/\/interdbk.com\/en\/contact\/","title":{"rendered":"CONTACT"},"content":{"rendered":"<div  class=\"tatsu-fqp0hjefgb3gj8so tatsu-section    tatsu-clearfix\" data-title=\"\"  data-headerscheme=\"background--dark\"><div class='tatsu-section-pad clearfix' data-padding='{\"d\":\"90px 0% 90px 0%\"}' data-padding-top='90px'><div class=\"tatsu-row-wrap  tatsu-wrap tatsu-row-one-col tatsu-row-has-one-cols tatsu-medium-gutter tatsu-reg-cols  tatsu-clearfix tatsu-fqp0hjefgpe0jwpl\" ><div  class=\"tatsu-row\" ><div  class=\"tatsu-column  tatsu-column-no-bg tatsu-one-col tatsu-column-image-none tatsu-column-effect-none  tatsu-fqp0hjefgwbwspuv\"  data-parallax-speed=\"0\" style=\"\"><div class=\"tatsu-column-inner\" ><div class=\"tatsu-column-pad-wrap\"><div class=\"tatsu-column-pad\" ><div  class=\"special-heading-wrap style4  tatsu-fqp0hjefh142n4kw oshine-module\" ><div class=\"vertical-divider top\"><\/div><h4  class=\"caption\">\u0130nter DBK<\/h4><div class=\"special-heading\"><h3 class=\"special-h-tag\" >CONTACT<\/h3><\/div><style>.tatsu-fqp0hjefh142n4kw .special-h-tag{color: #af9f66 ;}.tatsu-fqp0hjefh142n4kw.special-heading-wrap .vertical-divider{background: #d2d2d2;}<\/style><\/div><div  class=\"tatsu-module tatsu-text-block-wrap tatsu-fqp0hjefkh8sdynk\"><div class=\"tatsu-text-inner tatsu-align-center  clearfix\" ><style>.tatsu-fqp0hjefkh8sdynk.tatsu-text-block-wrap .tatsu-text-inner{width: 60%;text-align: left;}<\/style>\n<p style=\"text-align: center;\">Customer satisfaction is the most important factor for us. You can contact us anytime. We're at your 7\/24 service.<\/p>\n<\/div><\/div><\/div><\/div><div class = \"tatsu-column-bg-image-wrap\"><div class = \"tatsu-column-bg-image\" ><\/div><\/div><\/div><style>.tatsu-row > .tatsu-fqp0hjefgwbwspuv.tatsu-column{width: 100%;}.tatsu-fqp0hjefgwbwspuv.tatsu-column > .tatsu-column-inner > .tatsu-column-overlay{mix-blend-mode: none;}.tatsu-fqp0hjefgwbwspuv > .tatsu-column-inner > .tatsu-top-divider{z-index: 9999;}.tatsu-fqp0hjefgwbwspuv > .tatsu-column-inner > .tatsu-bottom-divider{z-index: 9999;}.tatsu-fqp0hjefgwbwspuv > .tatsu-column-inner > .tatsu-left-divider{z-index: 9999;}.tatsu-fqp0hjefgwbwspuv > .tatsu-column-inner > .tatsu-right-divider{z-index: 9999;}<\/style><\/div><\/div><\/div><\/div><div class=\"tatsu-section-background-wrap\"><div class = \"tatsu-section-background\" ><\/div><\/div><style>.tatsu-fqp0hjefgb3gj8so .tatsu-section-pad{padding: 90px 0% 90px 0%;}.tatsu-fqp0hjefgb3gj8so > .tatsu-bottom-divider{z-index: 9999;}.tatsu-fqp0hjefgb3gj8so > .tatsu-top-divider{z-index: 9999;}<\/style><\/div><div  class=\"tatsu-fqp0hjefmwen9f9d tatsu-section    tatsu-clearfix\" data-title=\"\"  data-headerscheme=\"background--light\"><div class='tatsu-section-pad clearfix' data-padding='{\"d\":\"0px 0% 90px 0%\"}' data-padding-top='0px'><div class=\"tatsu-row-wrap  tatsu-wrap tatsu-row-has-three-cols tatsu-medium-gutter tatsu-reg-cols  tatsu-clearfix tatsu-fqp0hjefnbbnuois\" ><div  class=\"tatsu-row\" ><div  class=\"tatsu-column  tatsu-column-no-bg tatsu-one-third tatsu-column-image-none tatsu-column-effect-none  tatsu-fqp0hjefnhast44x\"  data-parallax-speed=\"0\" style=\"\"><div class=\"tatsu-column-inner\" ><div class=\"tatsu-column-pad-wrap\"><div class=\"tatsu-column-pad\" ><div  class = \"tatsu-fqp0hjefnmao5si4 be_icon_card_wrap oshine-module large circled\"  ><i class=\"font-icon icon-icon_phone\" aria-label = \"phone\" ><\/i><div class=\"title-with-icon-card\" ><h6 class=\"title\" >CALL<\/h6><div class=\"caption body-font\" >+994 50 758 50 00<\/div><\/div><\/div><style>.tatsu-fqp0hjefnmao5si4 .font-icon{background: rgba(255,255,255,1);color: #af9f66 ;}<\/style><div  class = \"tatsu-jB5obkq7e be_icon_card_wrap oshine-module small circled\"  ><i class=\"font-icon icon-icon_toolbox_alt\" aria-label = \"toolboxalt\" ><\/i><div class=\"title-with-icon-card\" ><h6 class=\"title\" >FACTS<\/h6><div class=\"caption body-font\" >+994 12 344 42 49<\/div><\/div><\/div><style>.tatsu-jB5obkq7e .font-icon{background: #af9f66;color: #ffffff ;}<\/style><\/div><\/div><div class = \"tatsu-column-bg-image-wrap\"><div class = \"tatsu-column-bg-image\" ><\/div><\/div><\/div><style>.tatsu-row > .tatsu-fqp0hjefnhast44x.tatsu-column{width: 33.33%;}.tatsu-fqp0hjefnhast44x.tatsu-column > .tatsu-column-inner > .tatsu-column-overlay{mix-blend-mode: none;}.tatsu-fqp0hjefnhast44x > .tatsu-column-inner > .tatsu-top-divider{z-index: 9999;}.tatsu-fqp0hjefnhast44x > .tatsu-column-inner > .tatsu-bottom-divider{z-index: 9999;}.tatsu-fqp0hjefnhast44x > .tatsu-column-inner > .tatsu-left-divider{z-index: 9999;}.tatsu-fqp0hjefnhast44x > .tatsu-column-inner > .tatsu-right-divider{z-index: 9999;}@media only screen and (max-width: 767px) {.tatsu-row > .tatsu-fqp0hjefnhast44x.tatsu-column{width: 100%;}}<\/style><\/div><div  class=\"tatsu-column  tatsu-column-no-bg tatsu-one-third tatsu-column-image-none tatsu-column-effect-none  tatsu-fqp0hjefq33qmob7\"  data-parallax-speed=\"0\" style=\"\"><div class=\"tatsu-column-inner\" ><div class=\"tatsu-column-pad-wrap\"><div class=\"tatsu-column-pad\" ><div  class = \"tatsu-fqp0hjefqaeyompr be_icon_card_wrap oshine-module large circled\"  ><i class=\"font-icon icon-email\" aria-label = \"email\" ><\/i><div class=\"title-with-icon-card\" ><h6 class=\"title\" >Email<\/h6><div class=\"caption body-font\" >interdbk@bk.ru<\/div><\/div><\/div><style>.tatsu-fqp0hjefqaeyompr .font-icon{background: rgba(255,255,255,1);color: #af9f66 ;}<\/style><\/div><\/div><div class = \"tatsu-column-bg-image-wrap\"><div class = \"tatsu-column-bg-image\" ><\/div><\/div><\/div><style>.tatsu-row > .tatsu-fqp0hjefq33qmob7.tatsu-column{width: 33.33%;}.tatsu-fqp0hjefq33qmob7.tatsu-column > .tatsu-column-inner > .tatsu-column-overlay{mix-blend-mode: none;}.tatsu-fqp0hjefq33qmob7 > .tatsu-column-inner > .tatsu-top-divider{z-index: 9999;}.tatsu-fqp0hjefq33qmob7 > .tatsu-column-inner > .tatsu-bottom-divider{z-index: 9999;}.tatsu-fqp0hjefq33qmob7 > .tatsu-column-inner > .tatsu-left-divider{z-index: 9999;}.tatsu-fqp0hjefq33qmob7 > .tatsu-column-inner > .tatsu-right-divider{z-index: 9999;}@media only screen and (max-width: 767px) {.tatsu-row > .tatsu-fqp0hjefq33qmob7.tatsu-column{width: 100%;}}<\/style><\/div><div  class=\"tatsu-column  tatsu-column-no-bg tatsu-one-third tatsu-column-image-none tatsu-column-effect-none  tatsu-fqp0hjefsn17q23u\"  data-parallax-speed=\"0\" style=\"\"><div class=\"tatsu-column-inner\" ><div class=\"tatsu-column-pad-wrap\"><div class=\"tatsu-column-pad\" ><div  class = \"tatsu-fqp0hjefstam5dou be_icon_card_wrap oshine-module large circled\"  ><i class=\"font-icon icon-icon_pin\" aria-label = \"pin\" ><\/i><div class=\"title-with-icon-card\" ><h6 class=\"title\" >ADDRESS<\/h6><div class=\"caption body-font\" >Az\u0259rbaycan Respublikas\u0131, Bak\u0131-Sumqay\u0131t \u015fossesi 27-ci km<\/div><\/div><\/div><style>.tatsu-fqp0hjefstam5dou .font-icon{background: rgba(255,255,255,1);color: #af9f66 ;}<\/style><\/div><\/div><div class = \"tatsu-column-bg-image-wrap\"><div class = \"tatsu-column-bg-image\" ><\/div><\/div><\/div><style>.tatsu-row > .tatsu-fqp0hjefsn17q23u.tatsu-column{width: 33.33%;}.tatsu-fqp0hjefsn17q23u.tatsu-column > .tatsu-column-inner > .tatsu-column-overlay{mix-blend-mode: none;}.tatsu-fqp0hjefsn17q23u > .tatsu-column-inner > .tatsu-top-divider{z-index: 9999;}.tatsu-fqp0hjefsn17q23u > .tatsu-column-inner > .tatsu-bottom-divider{z-index: 9999;}.tatsu-fqp0hjefsn17q23u > .tatsu-column-inner > .tatsu-left-divider{z-index: 9999;}.tatsu-fqp0hjefsn17q23u > .tatsu-column-inner > .tatsu-right-divider{z-index: 9999;}@media only screen and (max-width: 767px) {.tatsu-row > .tatsu-fqp0hjefsn17q23u.tatsu-column{width: 100%;}}<\/style><\/div><\/div><\/div><div class=\"tatsu-row-wrap  tatsu-wrap tatsu-row-has-one-half tatsu-row-has-two-cols tatsu-medium-gutter tatsu-reg-cols  tatsu-clearfix tatsu-fqp0hjefv6452p52\" ><div  class=\"tatsu-row\" ><div  class=\"tatsu-column  tatsu-column-no-bg tatsu-column-empty tatsu-one-half tatsu-column-image-none tatsu-column-effect-none  tatsu-fqp0hjefvc22zcns\"  data-parallax-speed=\"0\" style=\"\"><div class=\"tatsu-column-inner\" ><div class=\"tatsu-column-pad-wrap\"><div class=\"tatsu-column-pad\" ><\/div><\/div><div class = \"tatsu-column-bg-image-wrap\"><div class = \"tatsu-column-bg-image\" ><\/div><\/div><\/div><style>.tatsu-row > .tatsu-fqp0hjefvc22zcns.tatsu-column{width: 50%;}.tatsu-fqp0hjefvc22zcns.tatsu-column > .tatsu-column-inner > .tatsu-column-overlay{mix-blend-mode: none;}.tatsu-fqp0hjefvc22zcns > .tatsu-column-inner > .tatsu-top-divider{z-index: 9999;}.tatsu-fqp0hjefvc22zcns > .tatsu-column-inner > .tatsu-bottom-divider{z-index: 9999;}.tatsu-fqp0hjefvc22zcns > .tatsu-column-inner > .tatsu-left-divider{z-index: 9999;}.tatsu-fqp0hjefvc22zcns > .tatsu-column-inner > .tatsu-right-divider{z-index: 9999;}@media only screen and (max-width: 767px) {.tatsu-row > .tatsu-fqp0hjefvc22zcns.tatsu-column{width: 100%;}}<\/style><\/div><div  class=\"tatsu-column  tatsu-column-no-bg tatsu-column-empty tatsu-one-half tatsu-column-image-none tatsu-column-effect-none  tatsu-fqp0hjeg01bevd7d\"  data-parallax-speed=\"0\" style=\"\"><div class=\"tatsu-column-inner\" ><div class=\"tatsu-column-pad-wrap\"><div class=\"tatsu-column-pad\" ><\/div><\/div><div class = \"tatsu-column-bg-image-wrap\"><div class = \"tatsu-column-bg-image\" ><\/div><\/div><\/div><style>.tatsu-row > .tatsu-fqp0hjeg01bevd7d.tatsu-column{width: 50%;}.tatsu-fqp0hjeg01bevd7d.tatsu-column > .tatsu-column-inner > .tatsu-column-overlay{mix-blend-mode: none;}.tatsu-fqp0hjeg01bevd7d > .tatsu-column-inner > .tatsu-top-divider{z-index: 9999;}.tatsu-fqp0hjeg01bevd7d > .tatsu-column-inner > .tatsu-bottom-divider{z-index: 9999;}.tatsu-fqp0hjeg01bevd7d > .tatsu-column-inner > .tatsu-left-divider{z-index: 9999;}.tatsu-fqp0hjeg01bevd7d > .tatsu-column-inner > .tatsu-right-divider{z-index: 9999;}@media only screen and (max-width: 767px) {.tatsu-row > .tatsu-fqp0hjeg01bevd7d.tatsu-column{width: 100%;}}<\/style><\/div><\/div><\/div><\/div><div class=\"tatsu-section-background-wrap\"><div class = \"tatsu-section-background\" ><\/div><\/div><style>.tatsu-fqp0hjefmwen9f9d{border-width: 0px 0px px 0px;border-style: solid;}.tatsu-fqp0hjefmwen9f9d .tatsu-section-pad{padding: 0px 0% 90px 0%;}.tatsu-fqp0hjefmwen9f9d > .tatsu-bottom-divider{z-index: 9999;}.tatsu-fqp0hjefmwen9f9d > .tatsu-top-divider{z-index: 9999;}<\/style><\/div>","protected":false},"excerpt":{"rendered":"<p><a href=\"https:\/\/interdbk.com\/en\/contact\/\" class=\"more-link style1-button\">Read More<\/a><\/p>","protected":false},"author":1,"featured_media":0,"parent":0,"menu_order":0,"comment_status":"closed","ping_status":"closed","template":"","meta":[],"_links":{"self":[{"href":"https:\/\/interdbk.com\/en\/wp-json\/wp\/v2\/pages\/20"}],"collection":[{"href":"https:\/\/interdbk.com\/en\/wp-json\/wp\/v2\/pages"}],"about":[{"href":"https:\/\/interdbk.com\/en\/wp-json\/wp\/v2\/types\/page"}],"author":[{"embeddable":true,"href":"https:\/\/interdbk.com\/en\/wp-json\/wp\/v2\/users\/1"}],"replies":[{"embeddable":true,"href":"https:\/\/interdbk.com\/en\/wp-json\/wp\/v2\/comments?post=20"}],"version-history":[{"count":2,"href":"https:\/\/interdbk.com\/en\/wp-json\/wp\/v2\/pages\/20\/revisions"}],"predecessor-version":[{"id":3914,"href":"https:\/\/interdbk.com\/en\/wp-json\/wp\/v2\/pages\/20\/revisions\/3914"}],"wp:attachment":[{"href":"https:\/\/interdbk.com\/en\/wp-json\/wp\/v2\/media?parent=20"}],"curies":[{"name":"wp","href":"https:\/\/api.w.org\/{rel}","templated":true}]}}